{"id":10817,"date":"2020-02-05T09:58:08","date_gmt":"2020-02-05T09:58:08","guid":{"rendered":"https:\/\/mykonosbest.eu\/?page_id=10817"},"modified":"2020-02-05T14:03:41","modified_gmt":"2020-02-05T14:03:41","slug":"hotels-5-et-4-etoiles-a-mykonos-ville","status":"publish","type":"page","link":"https:\/\/mykonosbest.eu\/fr\/hotels-5-et-4-etoiles-a-mykonos-ville\/","title":{"rendered":"H\u00f4tels 5 et 4 \u00e9toiles \u00e0 Mykonos Ville"},"content":{"rendered":"<section class=\"wpb-content-wrapper\"><p>[vc_row][vc_column][vc_empty_space][\/vc_column][\/vc_row][vc_row][vc_column width=\u00a0\u00bb1\/4&Prime;][vc_column_text]<\/p>\n<p style=\"text-align: center;\"><strong>Semeli Hotel<\/strong><\/p>\n<p>[\/vc_column_text][vc_single_image image=\u00a0\u00bb2708&Prime; img_size=\u00a0\u00bb255&#215;186&Prime; alignment=\u00a0\u00bbcenter\u00a0\u00bb style=\u00a0\u00bbvc_box_rounded\u00a0\u00bb onclick=\u00a0\u00bbcustom_link\u00a0\u00bb link=\u00a0\u00bbhttps:\/\/mykonosbest.eu\/fr\/listing\/semeli-hotel\/\u00a0\u00bb][\/vc_column][vc_column width=\u00a0\u00bb1\/4&Prime;][vc_column_text]<\/p>\n<p style=\"text-align: center;\"><strong>Naia, Korali &amp; Kyma hotels<\/strong><\/p>\n<p>[\/vc_column_text][vc_single_image image=\u00a0\u00bb2902&Prime; img_size=\u00a0\u00bb255&#215;186&Prime; alignment=\u00a0\u00bbcenter\u00a0\u00bb style=\u00a0\u00bbvc_box_rounded\u00a0\u00bb onclick=\u00a0\u00bbcustom_link\u00a0\u00bb link=\u00a0\u00bbhttps:\/\/mykonosbest.eu\/fr\/listing\/kyma-naia-and-korali-relais-et-chateaux-hotels\/\u00a0\u00bb][\/vc_column][vc_column width=\u00a0\u00bb1\/4&Prime;][vc_column_text]<\/p>\n<p style=\"text-align: center;\"><strong>Bill and Coo Suites and Lounge<\/strong><\/p>\n<p>[\/vc_column_text][vc_single_image image=\u00a0\u00bb3059&Prime; img_size=\u00a0\u00bb255&#215;186&Prime; alignment=\u00a0\u00bbcenter\u00a0\u00bb style=\u00a0\u00bbvc_box_rounded\u00a0\u00bb onclick=\u00a0\u00bbcustom_link\u00a0\u00bb link=\u00a0\u00bbhttps:\/\/mykonosbest.eu\/fr\/listing\/billcoosuitesandlounge\/\u00a0\u00bb][\/vc_column][vc_column width=\u00a0\u00bb1\/4&Prime;][vc_column_text]<\/p>\n<p style=\"text-align: center;\"><strong>Kouros Hotel &amp; Suites Mykonos<\/strong><\/p>\n<p>[\/vc_column_text][vc_single_image image=\u00a0\u00bb3766&Prime; img_size=\u00a0\u00bb255&#215;186&Prime; alignment=\u00a0\u00bbcenter\u00a0\u00bb style=\u00a0\u00bbvc_box_rounded\u00a0\u00bb onclick=\u00a0\u00bbcustom_link\u00a0\u00bb link=\u00a0\u00bbhttps:\/\/mykonosbest.eu\/fr\/listing\/kouros-hotel-suites-mykonos\/\u00a0\u00bb][\/vc_column][\/vc_row][vc_row][vc_column][vc_empty_space][\/vc_column][\/vc_row][vc_row][vc_column width=\u00a0\u00bb1\/4&Prime;][vc_column_text]<\/p>\n<p style=\"text-align: center;\"><strong>Theoxenia<\/strong><\/p>\n<p>[\/vc_column_text][vc_single_image image=\u00a0\u00bb1271&Prime; img_size=\u00a0\u00bb255&#215;186&Prime; alignment=\u00a0\u00bbcenter\u00a0\u00bb style=\u00a0\u00bbvc_box_rounded\u00a0\u00bb onclick=\u00a0\u00bbcustom_link\u00a0\u00bb link=\u00a0\u00bbhttps:\/\/mykonosbest.eu\/fr\/listing\/mykonos-theoxenia\/\u00a0\u00bb][\/vc_column][vc_column width=\u00a0\u00bb1\/4&Prime;][vc_column_text]<\/p>\n<p style=\"text-align: center;\"><strong>Absolut<\/strong><\/p>\n<p>[\/vc_column_text][vc_single_image image=\u00a0\u00bb434&Prime; img_size=\u00a0\u00bb255&#215;186&Prime; alignment=\u00a0\u00bbcenter\u00a0\u00bb style=\u00a0\u00bbvc_box_rounded\u00a0\u00bb onclick=\u00a0\u00bbcustom_link\u00a0\u00bb link=\u00a0\u00bbhttps:\/\/mykonosbest.eu\/fr\/listing\/absolut-mykonos-suites-more\/\u00a0\u00bb][\/vc_column][vc_column width=\u00a0\u00bb1\/4&Prime;][vc_column_text]<\/p>\n<p style=\"text-align: center;\"><strong>Mykonos View<\/strong><\/p>\n<p>[\/vc_column_text][vc_single_image image=\u00a0\u00bb173&Prime; img_size=\u00a0\u00bb255&#215;186&Prime; alignment=\u00a0\u00bbcenter\u00a0\u00bb style=\u00a0\u00bbvc_box_rounded\u00a0\u00bb onclick=\u00a0\u00bbcustom_link\u00a0\u00bb link=\u00a0\u00bbhttps:\/\/mykonosbest.eu\/fr\/listing\/mykonos-view-hotel\/\u00a0\u00bb][\/vc_column][vc_column width=\u00a0\u00bb1\/4&Prime;][vc_column_text]<\/p>\n<p style=\"text-align: center;\"><strong>Villa Thea Collection<\/strong><\/p>\n<p>[\/vc_column_text][vc_single_image image=\u00a0\u00bb1255&Prime; img_size=\u00a0\u00bb255&#215;186&Prime; alignment=\u00a0\u00bbcenter\u00a0\u00bb style=\u00a0\u00bbvc_box_rounded\u00a0\u00bb onclick=\u00a0\u00bbcustom_link\u00a0\u00bb link=\u00a0\u00bbhttps:\/\/mykonosbest.eu\/fr\/listing\/villa-thea-collection\/\u00a0\u00bb][\/vc_column][\/vc_row][vc_row][vc_column][vc_empty_space][\/vc_column][\/vc_row]<\/p>\n<\/section>","protected":false},"excerpt":{"rendered":"<p>[vc_row][vc_column][vc_empty_space][\/vc_column][\/vc_row][vc_row][vc_column width=\u00a0\u00bb1\/4&Prime;][vc_column_text] Semeli Hotel [\/vc_column_text][vc_single_image image=\u00a0\u00bb2708&Prime; img_size=\u00a0\u00bb255&#215;186&Prime; alignment=\u00a0\u00bbcenter\u00a0\u00bb style=\u00a0\u00bbvc_box_rounded\u00a0\u00bb onclick=\u00a0\u00bbcustom_link\u00a0\u00bb link=\u00a0\u00bbhttps:\/\/mykonosbest.eu\/fr\/listing\/semeli-hotel\/\u00a0\u00bb][\/vc_column][vc_column width=\u00a0\u00bb1\/4&Prime;][vc_column_text] Naia, Korali &amp; Kyma hotels [\/vc_column_text][vc_single_image image=\u00a0\u00bb2902&Prime; img_size=\u00a0\u00bb255&#215;186&Prime; alignment=\u00a0\u00bbcenter\u00a0\u00bb style=\u00a0\u00bbvc_box_rounded\u00a0\u00bb onclick=\u00a0\u00bbcustom_link\u00a0\u00bb link=\u00a0\u00bbhttps:\/\/mykonosbest.eu\/fr\/listing\/kyma-naia-and-korali-relais-et-chateaux-hotels\/\u00a0\u00bb][\/vc_column][vc_column width=\u00a0\u00bb1\/4&Prime;][vc_column_text] Bill and Coo Suites and Lounge [\/vc_column_text][vc_single_image image=\u00a0\u00bb3059&Prime; img_size=\u00a0\u00bb255&#215;186&Prime; alignment=\u00a0\u00bbcenter\u00a0\u00bb style=\u00a0\u00bbvc_box_rounded\u00a0\u00bb onclick=\u00a0\u00bbcustom_link\u00a0\u00bb link=\u00a0\u00bbhttps:\/\/mykonosbest.eu\/fr\/listing\/billcoosuitesandlounge\/\u00a0\u00bb][\/vc_column][vc_column width=\u00a0\u00bb1\/4&Prime;][vc_column_text] Kouros Hotel &amp; Suites Mykonos [\/vc_column_text][vc_single_image image=\u00a0\u00bb3766&Prime; img_size=\u00a0\u00bb255&#215;186&Prime; alignment=\u00a0\u00bbcenter\u00a0\u00bb style=\u00a0\u00bbvc_box_rounded\u00a0\u00bb onclick=\u00a0\u00bbcustom_link\u00a0\u00bb link=\u00a0\u00bbhttps:\/\/mykonosbest.eu\/fr\/listing\/kouros-hotel-suites-mykonos\/\u00a0\u00bb][\/vc_column][\/vc_row][vc_row][vc_column][vc_empty_space][\/vc_column][\/vc_row][vc_row][vc_column width=\u00a0\u00bb1\/4&Prime;][vc_column_text] Theoxenia [\/vc_column_text][vc_single_image image=\u00a0\u00bb1271&Prime; [&hellip;]<\/p>\n","protected":false},"author":2,"featured_media":0,"parent":0,"menu_order":0,"comment_status":"closed","ping_status":"closed","template":"","meta":{"inline_featured_image":false,"footnotes":""},"yoast_head":"<!-- This site is optimized with the Yoast SEO plugin v22.8 - https:\/\/yoast.com\/wordpress\/plugins\/seo\/ -->\n<title>H\u00f4tels 5 et 4 \u00e9toiles \u00e0 Mykonos Ville - Mykonos Best<\/title>\n<meta name=\"robots\" content=\"index, follow, max-snippet:-1, max-image-preview:large, max-video-preview:-1\" \/>\n<link rel=\"canonical\" href=\"https:\/\/mykonosbest.eu\/fr\/hotels-5-et-4-etoiles-a-mykonos-ville\/\" \/>\n<meta property=\"og:locale\" content=\"fr_FR\" \/>\n<meta property=\"og:type\" content=\"article\" \/>\n<meta property=\"og:title\" content=\"H\u00f4tels 5 et 4 \u00e9toiles \u00e0 Mykonos Ville - Mykonos Best\" \/>\n<meta property=\"og:description\" content=\"[vc_row][vc_column][vc_empty_space][\/vc_column][\/vc_row][vc_row][vc_column width=\u00a0\u00bb1\/4&Prime;][vc_column_text] Semeli Hotel [\/vc_column_text][vc_single_image image=\u00a0\u00bb2708&Prime; img_size=\u00a0\u00bb255&#215;186&Prime; alignment=\u00a0\u00bbcenter\u00a0\u00bb style=\u00a0\u00bbvc_box_rounded\u00a0\u00bb onclick=\u00a0\u00bbcustom_link\u00a0\u00bb link=\u00a0\u00bbhttps:\/\/mykonosbest.eu\/fr\/listing\/semeli-hotel\/\u00a0\u00bb][\/vc_column][vc_column width=\u00a0\u00bb1\/4&Prime;][vc_column_text] Naia, Korali &amp; Kyma hotels [\/vc_column_text][vc_single_image image=\u00a0\u00bb2902&Prime; img_size=\u00a0\u00bb255&#215;186&Prime; alignment=\u00a0\u00bbcenter\u00a0\u00bb style=\u00a0\u00bbvc_box_rounded\u00a0\u00bb onclick=\u00a0\u00bbcustom_link\u00a0\u00bb link=\u00a0\u00bbhttps:\/\/mykonosbest.eu\/fr\/listing\/kyma-naia-and-korali-relais-et-chateaux-hotels\/\u00a0\u00bb][\/vc_column][vc_column width=\u00a0\u00bb1\/4&Prime;][vc_column_text] Bill and Coo Suites and Lounge [\/vc_column_text][vc_single_image image=\u00a0\u00bb3059&Prime; img_size=\u00a0\u00bb255&#215;186&Prime; alignment=\u00a0\u00bbcenter\u00a0\u00bb style=\u00a0\u00bbvc_box_rounded\u00a0\u00bb onclick=\u00a0\u00bbcustom_link\u00a0\u00bb link=\u00a0\u00bbhttps:\/\/mykonosbest.eu\/fr\/listing\/billcoosuitesandlounge\/\u00a0\u00bb][\/vc_column][vc_column width=\u00a0\u00bb1\/4&Prime;][vc_column_text] Kouros Hotel &amp; Suites Mykonos [\/vc_column_text][vc_single_image image=\u00a0\u00bb3766&Prime; img_size=\u00a0\u00bb255&#215;186&Prime; alignment=\u00a0\u00bbcenter\u00a0\u00bb style=\u00a0\u00bbvc_box_rounded\u00a0\u00bb onclick=\u00a0\u00bbcustom_link\u00a0\u00bb link=\u00a0\u00bbhttps:\/\/mykonosbest.eu\/fr\/listing\/kouros-hotel-suites-mykonos\/\u00a0\u00bb][\/vc_column][\/vc_row][vc_row][vc_column][vc_empty_space][\/vc_column][\/vc_row][vc_row][vc_column width=\u00a0\u00bb1\/4&Prime;][vc_column_text] Theoxenia [\/vc_column_text][vc_single_image image=\u00a0\u00bb1271&Prime; [&hellip;]\" \/>\n<meta property=\"og:url\" content=\"https:\/\/mykonosbest.eu\/fr\/hotels-5-et-4-etoiles-a-mykonos-ville\/\" \/>\n<meta property=\"og:site_name\" content=\"Mykonos Best\" \/>\n<meta property=\"article:modified_time\" content=\"2020-02-05T14:03:41+00:00\" \/>\n<meta property=\"og:image\" content=\"https:\/\/mykonosbest.eu\/wp-content\/uploads\/2026\/02\/MykonosBest-Horz.png\" \/>\n\t<meta property=\"og:image:width\" content=\"747\" \/>\n\t<meta property=\"og:image:height\" content=\"285\" \/>\n\t<meta property=\"og:image:type\" content=\"image\/png\" \/>\n<meta name=\"twitter:card\" content=\"summary_large_image\" \/>\n<meta name=\"twitter:label1\" content=\"Dur\u00e9e de lecture estim\u00e9e\" \/>\n\t<meta name=\"twitter:data1\" content=\"2 minutes\" \/>\n<script type=\"application\/ld+json\" class=\"yoast-schema-graph\">{\"@context\":\"https:\/\/schema.org\",\"@graph\":[{\"@type\":\"WebPage\",\"@id\":\"https:\/\/mykonosbest.eu\/fr\/hotels-5-et-4-etoiles-a-mykonos-ville\/\",\"url\":\"https:\/\/mykonosbest.eu\/fr\/hotels-5-et-4-etoiles-a-mykonos-ville\/\",\"name\":\"H\u00f4tels 5 et 4 \u00e9toiles \u00e0 Mykonos Ville - Mykonos Best\",\"isPartOf\":{\"@id\":\"https:\/\/mykonosbest.eu\/#website\"},\"datePublished\":\"2020-02-05T09:58:08+00:00\",\"dateModified\":\"2020-02-05T14:03:41+00:00\",\"breadcrumb\":{\"@id\":\"https:\/\/mykonosbest.eu\/fr\/hotels-5-et-4-etoiles-a-mykonos-ville\/#breadcrumb\"},\"inLanguage\":\"fr-FR\",\"potentialAction\":[{\"@type\":\"ReadAction\",\"target\":[\"https:\/\/mykonosbest.eu\/fr\/hotels-5-et-4-etoiles-a-mykonos-ville\/\"]}]},{\"@type\":\"BreadcrumbList\",\"@id\":\"https:\/\/mykonosbest.eu\/fr\/hotels-5-et-4-etoiles-a-mykonos-ville\/#breadcrumb\",\"itemListElement\":[{\"@type\":\"ListItem\",\"position\":1,\"name\":\"Home\",\"item\":\"https:\/\/mykonosbest.eu\/fr\/\"},{\"@type\":\"ListItem\",\"position\":2,\"name\":\"H\u00f4tels 5 et 4 \u00e9toiles \u00e0 Mykonos Ville\"}]},{\"@type\":\"WebSite\",\"@id\":\"https:\/\/mykonosbest.eu\/#website\",\"url\":\"https:\/\/mykonosbest.eu\/\",\"name\":\"Mykonos Best\",\"description\":\"Directory\",\"potentialAction\":[{\"@type\":\"SearchAction\",\"target\":{\"@type\":\"EntryPoint\",\"urlTemplate\":\"https:\/\/mykonosbest.eu\/?s={search_term_string}\"},\"query-input\":\"required name=search_term_string\"}],\"inLanguage\":\"fr-FR\"}]}<\/script>\n<!-- \/ Yoast SEO plugin. -->","yoast_head_json":{"title":"H\u00f4tels 5 et 4 \u00e9toiles \u00e0 Mykonos Ville - Mykonos Best","robots":{"index":"index","follow":"follow","max-snippet":"max-snippet:-1","max-image-preview":"max-image-preview:large","max-video-preview":"max-video-preview:-1"},"canonical":"https:\/\/mykonosbest.eu\/fr\/hotels-5-et-4-etoiles-a-mykonos-ville\/","og_locale":"fr_FR","og_type":"article","og_title":"H\u00f4tels 5 et 4 \u00e9toiles \u00e0 Mykonos Ville - Mykonos Best","og_description":"[vc_row][vc_column][vc_empty_space][\/vc_column][\/vc_row][vc_row][vc_column width=\u00a0\u00bb1\/4&Prime;][vc_column_text] Semeli Hotel [\/vc_column_text][vc_single_image image=\u00a0\u00bb2708&Prime; img_size=\u00a0\u00bb255&#215;186&Prime; alignment=\u00a0\u00bbcenter\u00a0\u00bb style=\u00a0\u00bbvc_box_rounded\u00a0\u00bb onclick=\u00a0\u00bbcustom_link\u00a0\u00bb link=\u00a0\u00bbhttps:\/\/mykonosbest.eu\/fr\/listing\/semeli-hotel\/\u00a0\u00bb][\/vc_column][vc_column width=\u00a0\u00bb1\/4&Prime;][vc_column_text] Naia, Korali &amp; Kyma hotels [\/vc_column_text][vc_single_image image=\u00a0\u00bb2902&Prime; img_size=\u00a0\u00bb255&#215;186&Prime; alignment=\u00a0\u00bbcenter\u00a0\u00bb style=\u00a0\u00bbvc_box_rounded\u00a0\u00bb onclick=\u00a0\u00bbcustom_link\u00a0\u00bb link=\u00a0\u00bbhttps:\/\/mykonosbest.eu\/fr\/listing\/kyma-naia-and-korali-relais-et-chateaux-hotels\/\u00a0\u00bb][\/vc_column][vc_column width=\u00a0\u00bb1\/4&Prime;][vc_column_text] Bill and Coo Suites and Lounge [\/vc_column_text][vc_single_image image=\u00a0\u00bb3059&Prime; img_size=\u00a0\u00bb255&#215;186&Prime; alignment=\u00a0\u00bbcenter\u00a0\u00bb style=\u00a0\u00bbvc_box_rounded\u00a0\u00bb onclick=\u00a0\u00bbcustom_link\u00a0\u00bb link=\u00a0\u00bbhttps:\/\/mykonosbest.eu\/fr\/listing\/billcoosuitesandlounge\/\u00a0\u00bb][\/vc_column][vc_column width=\u00a0\u00bb1\/4&Prime;][vc_column_text] Kouros Hotel &amp; Suites Mykonos [\/vc_column_text][vc_single_image image=\u00a0\u00bb3766&Prime; img_size=\u00a0\u00bb255&#215;186&Prime; alignment=\u00a0\u00bbcenter\u00a0\u00bb style=\u00a0\u00bbvc_box_rounded\u00a0\u00bb onclick=\u00a0\u00bbcustom_link\u00a0\u00bb link=\u00a0\u00bbhttps:\/\/mykonosbest.eu\/fr\/listing\/kouros-hotel-suites-mykonos\/\u00a0\u00bb][\/vc_column][\/vc_row][vc_row][vc_column][vc_empty_space][\/vc_column][\/vc_row][vc_row][vc_column width=\u00a0\u00bb1\/4&Prime;][vc_column_text] Theoxenia [\/vc_column_text][vc_single_image image=\u00a0\u00bb1271&Prime; [&hellip;]","og_url":"https:\/\/mykonosbest.eu\/fr\/hotels-5-et-4-etoiles-a-mykonos-ville\/","og_site_name":"Mykonos Best","article_modified_time":"2020-02-05T14:03:41+00:00","og_image":[{"width":747,"height":285,"url":"https:\/\/mykonosbest.eu\/wp-content\/uploads\/2026\/02\/MykonosBest-Horz.png","type":"image\/png"}],"twitter_card":"summary_large_image","twitter_misc":{"Dur\u00e9e de lecture estim\u00e9e":"2 minutes"},"schema":{"@context":"https:\/\/schema.org","@graph":[{"@type":"WebPage","@id":"https:\/\/mykonosbest.eu\/fr\/hotels-5-et-4-etoiles-a-mykonos-ville\/","url":"https:\/\/mykonosbest.eu\/fr\/hotels-5-et-4-etoiles-a-mykonos-ville\/","name":"H\u00f4tels 5 et 4 \u00e9toiles \u00e0 Mykonos Ville - Mykonos Best","isPartOf":{"@id":"https:\/\/mykonosbest.eu\/#website"},"datePublished":"2020-02-05T09:58:08+00:00","dateModified":"2020-02-05T14:03:41+00:00","breadcrumb":{"@id":"https:\/\/mykonosbest.eu\/fr\/hotels-5-et-4-etoiles-a-mykonos-ville\/#breadcrumb"},"inLanguage":"fr-FR","potentialAction":[{"@type":"ReadAction","target":["https:\/\/mykonosbest.eu\/fr\/hotels-5-et-4-etoiles-a-mykonos-ville\/"]}]},{"@type":"BreadcrumbList","@id":"https:\/\/mykonosbest.eu\/fr\/hotels-5-et-4-etoiles-a-mykonos-ville\/#breadcrumb","itemListElement":[{"@type":"ListItem","position":1,"name":"Home","item":"https:\/\/mykonosbest.eu\/fr\/"},{"@type":"ListItem","position":2,"name":"H\u00f4tels 5 et 4 \u00e9toiles \u00e0 Mykonos Ville"}]},{"@type":"WebSite","@id":"https:\/\/mykonosbest.eu\/#website","url":"https:\/\/mykonosbest.eu\/","name":"Mykonos Best","description":"Directory","potentialAction":[{"@type":"SearchAction","target":{"@type":"EntryPoint","urlTemplate":"https:\/\/mykonosbest.eu\/?s={search_term_string}"},"query-input":"required name=search_term_string"}],"inLanguage":"fr-FR"}]}},"_links":{"self":[{"href":"https:\/\/mykonosbest.eu\/fr\/wp-json\/wp\/v2\/pages\/10817"}],"collection":[{"href":"https:\/\/mykonosbest.eu\/fr\/wp-json\/wp\/v2\/pages"}],"about":[{"href":"https:\/\/mykonosbest.eu\/fr\/wp-json\/wp\/v2\/types\/page"}],"author":[{"embeddable":true,"href":"https:\/\/mykonosbest.eu\/fr\/wp-json\/wp\/v2\/users\/2"}],"replies":[{"embeddable":true,"href":"https:\/\/mykonosbest.eu\/fr\/wp-json\/wp\/v2\/comments?post=10817"}],"version-history":[{"count":0,"href":"https:\/\/mykonosbest.eu\/fr\/wp-json\/wp\/v2\/pages\/10817\/revisions"}],"wp:attachment":[{"href":"https:\/\/mykonosbest.eu\/fr\/wp-json\/wp\/v2\/media?parent=10817"}],"curies":[{"name":"wp","href":"https:\/\/api.w.org\/{rel}","templated":true}]}}